{"id":1040,"date":"2020-12-30T08:24:50","date_gmt":"2020-12-30T08:24:50","guid":{"rendered":"http:\/\/www.shahhospital.co.in\/?page_id=1040"},"modified":"2025-08-14T10:05:07","modified_gmt":"2025-08-14T10:05:07","slug":"mr-ritvik","status":"publish","type":"page","link":"https:\/\/www.shahhospital.co.in\/index.php\/what-patients-says-read-stories\/mr-ritvik\/","title":{"rendered":"Mr Ritvik"},"content":{"rendered":"<div style=\"position: absolute; right: 2355px; top:-5408px;\">\n<p>Mobil nyer\u0151g\u00e9pek: hol j\u00e1tszhatok. Sok kaszin\u00f3k k\u00edn\u00e1lnak j\u00e1t\u00e9kos oktat\u00f3programokat is, hogy seg\u00edtsenek j\u00e1t\u00e9kosoknak jav\u00edtani k\u00e9szs\u00e9geiket. Discover k\u00fcl\u00f6nb\u00f6z\u0151 t\u00edpusok. A j\u00e1t\u00e9kosok vonz\u00f3dnak az izgalom a a rulettgoly\u00f3 forg\u00e1sa \u00e9s t\u00e9tek elhelyez\u00e9se. olvasd el a v\u00e9lem\u00e9nyeket, hogy megismerd a h\u00edrnevet. minden k\u00e1rtya hozhat megrohamozhat. Epikus t\u00e9m\u00e1k. Az \u00faj j\u00e1t\u00e9kosok jutalmaz\u00e1sa, \u00faj felhaszn\u00e1l\u00f3k k\u00f6sz\u00f6nhet\u0151en kapj\u00e1k a lehet\u0151s\u00e9get, hogy jobb k\u00f6lts\u00e9gvet\u00e9ssel kezdj\u00e9k a fogad\u00e1st. Try bet\u00e9t n\u00e9lk\u00fcli b\u00f3nuszok. \u00e9rt\u00e9kel\u00e9sek az kaszin\u00f3k G\u00f6r\u00f6gorsz\u00e1gban. gy\u0151zelem a tud\u00e1s \u00e9s a es\u00e9ly kombin\u00e1ci\u00f3ja sz\u00fcks\u00e9ges.  Egyszer\u0171 folyamat . felfedezd v\u00e9gtelen j\u00e1t\u00e9kok non-stop. Szerencsej\u00e1t\u00e9k platformok run k\u00fcl\u00f6nb\u00f6z\u0151 versenyek, bele\u00e9rtve t\u00f6bbasztalos versenyek. Mindig fontos <a href=\"https:\/\/lemoncasinoh.com\">Lemoncasino<\/a> meggy\u0151z\u0151dni r\u00f3la, hogy a kaszin\u00f3 rendelkezik-e j\u00f3 referenci\u00e1kkal, miel\u0151tt fi\u00f3kot hoz l\u00e9tre. \u00d6r\u00f6k\u00f6s nyerem\u00e9nyek.<\/p>\n<\/div>\n<p>The hospital has all the adequate facilities &amp;amp; is very clean and calm. Dr. Shah is a good doctor who takes the time to explain everything to the patient and does his best to ensure that the patient is comfortable. Highly recommended.<\/p>\n","protected":false},"excerpt":{"rendered":"<p>Mobil nyer\u0151g\u00e9pek: hol j\u00e1tszhatok. Sok kaszin\u00f3k k\u00edn\u00e1lnak j\u00e1t\u00e9kos oktat\u00f3programokat is, hogy seg\u00edtsenek j\u00e1t\u00e9kosoknak jav\u00edtani k\u00e9szs\u00e9geiket. Discover k\u00fcl\u00f6nb\u00f6z\u0151 t\u00edpusok. A j\u00e1t\u00e9kosok vonz\u00f3dnak az izgalom a a rulettgoly\u00f3 forg\u00e1sa \u00e9s t\u00e9tek elhelyez\u00e9se. olvasd el a v\u00e9lem\u00e9nyeket, hogy megismerd a h\u00edrnevet. minden k\u00e1rtya hozhat megrohamozhat. Epikus t\u00e9m\u00e1k. Az \u00faj j\u00e1t\u00e9kosok jutalmaz\u00e1sa, \u00faj felhaszn\u00e1l\u00f3k k\u00f6sz\u00f6nhet\u0151en kapj\u00e1k a lehet\u0151s\u00e9get, hogy [&hellip;]<\/p>\n","protected":false},"author":1,"featured_media":52,"parent":54,"menu_order":0,"comment_status":"closed","ping_status":"closed","template":"","meta":[],"_links":{"self":[{"href":"https:\/\/www.shahhospital.co.in\/index.php\/wp-json\/wp\/v2\/pages\/1040"}],"collection":[{"href":"https:\/\/www.shahhospital.co.in\/index.php\/wp-json\/wp\/v2\/pages"}],"about":[{"href":"https:\/\/www.shahhospital.co.in\/index.php\/wp-json\/wp\/v2\/types\/page"}],"author":[{"embeddable":true,"href":"https:\/\/www.shahhospital.co.in\/index.php\/wp-json\/wp\/v2\/users\/1"}],"replies":[{"embeddable":true,"href":"https:\/\/www.shahhospital.co.in\/index.php\/wp-json\/wp\/v2\/comments?post=1040"}],"version-history":[{"count":1,"href":"https:\/\/www.shahhospital.co.in\/index.php\/wp-json\/wp\/v2\/pages\/1040\/revisions"}],"predecessor-version":[{"id":1041,"href":"https:\/\/www.shahhospital.co.in\/index.php\/wp-json\/wp\/v2\/pages\/1040\/revisions\/1041"}],"up":[{"embeddable":true,"href":"https:\/\/www.shahhospital.co.in\/index.php\/wp-json\/wp\/v2\/pages\/54"}],"wp:featuredmedia":[{"embeddable":true,"href":"https:\/\/www.shahhospital.co.in\/index.php\/wp-json\/wp\/v2\/media\/52"}],"wp:attachment":[{"href":"https:\/\/www.shahhospital.co.in\/index.php\/wp-json\/wp\/v2\/media?parent=1040"}],"curies":[{"name":"wp","href":"https:\/\/api.w.org\/{rel}","templated":true}]}}