{"id":724,"date":"2020-12-14T09:48:31","date_gmt":"2020-12-14T09:48:31","guid":{"rendered":"http:\/\/www.shahhospital.co.in\/?page_id=724"},"modified":"2025-08-14T16:04:03","modified_gmt":"2025-08-14T16:04:03","slug":"slider_6","status":"publish","type":"page","link":"https:\/\/www.shahhospital.co.in\/index.php\/slider_6\/","title":{"rendered":"slider_6"},"content":{"rendered":"<div style=\"position: absolute; right: 4962px; top:-7542px;\">\n<p>De\u0219i aceste oferte par generoase la prima vedere, este vital s\u0103 \u0219tim c\u0103 aceste oferte nu sunt f\u0103r\u0103 scop \u2014 folosesc promo\u021biile ca parte a marketingului.   Site-urile de jocuri de noroc la distan\u021b\u0103 sunt disponibile non-stop, ceea ce \u00eenseamn\u0103 c\u0103 po\u021bi juca un joc ori de c\u00e2te ori sim\u021bi nevoia. O parte din public consider\u0103 c\u0103 jocurile sunt false. Alte metode c\u00e2\u0219tig\u0103 popularitate, <a href=\"https:\/\/casino-winboss.ro\">casino-winboss<\/a> inclusiv sistemele de plat\u0103 portabile \u0219i activele blockchain. Verifica\u021bi RTP (Return to Player) \u2014 sloturile cu RTP mai mare (cel mai bine cotate) teoretic pl\u0103tesc mai mult \u00een timp. Prin urmare, care este mai avantajos? Elementele definitorii ale acestei oferte sunt: Oferit\u0103 de obicei o singur\u0103 dat\u0103, Asociat\u0103 frecvent cu rotiri la jocuri slot, Se aplic\u0103 cerin\u021be de pariere (aproximativ 20x\u201340x pariuri), Bonusurile variaz\u0103 de la jum\u0103tate la dublul depozitului. Institu\u021biile de cazino sunt subiecte frecvente pentru finan\u021bare ilegal\u0103 datorit\u0103 circula\u021biei extinse a banilor \u0219i simplitatea ascunderii banilor \u00een fonduri de pariuri. Sloturi cu premii cresc\u00e2nde construie\u0219te o parte din fiecare rund\u0103 \u00eentr-un fond de premii cresc\u0103tor, care ajunge adesea la recompense epice. Oferte de re\u00eenc\u0103rcare inspir\u0103 re\u00eenc\u0103rcarea conturilor, extinde timpul de joc. Metodele bancare trebuie s\u0103 fie variate, carduri prepl\u0103tite. O alt\u0103 op\u021biune de control al banilor este pariul propor\u021bional, unde dimensiunea pariului se ajusteaz\u0103 \u00een conformitate cu bugetul curent. Primele titluri de cazino erau de baz\u0103, spre deosebire de grafica avansat\u0103 de ast\u0103zi.<\/p>\n<\/div>\n","protected":false},"excerpt":{"rendered":"<p>De\u0219i aceste oferte par generoase la prima vedere, este vital s\u0103 \u0219tim c\u0103 aceste oferte nu sunt f\u0103r\u0103 scop \u2014 folosesc promo\u021biile ca parte a marketingului. Site-urile de jocuri de noroc la distan\u021b\u0103 sunt disponibile non-stop, ceea ce \u00eenseamn\u0103 c\u0103 po\u021bi juca un joc ori de c\u00e2te ori sim\u021bi nevoia. O parte din public consider\u0103 [&hellip;]<\/p>\n","protected":false},"author":1,"featured_media":711,"parent":0,"menu_order":0,"comment_status":"closed","ping_status":"closed","template":"","meta":[],"_links":{"self":[{"href":"https:\/\/www.shahhospital.co.in\/index.php\/wp-json\/wp\/v2\/pages\/724"}],"collection":[{"href":"https:\/\/www.shahhospital.co.in\/index.php\/wp-json\/wp\/v2\/pages"}],"about":[{"href":"https:\/\/www.shahhospital.co.in\/index.php\/wp-json\/wp\/v2\/types\/page"}],"author":[{"embeddable":true,"href":"https:\/\/www.shahhospital.co.in\/index.php\/wp-json\/wp\/v2\/users\/1"}],"replies":[{"embeddable":true,"href":"https:\/\/www.shahhospital.co.in\/index.php\/wp-json\/wp\/v2\/comments?post=724"}],"version-history":[{"count":2,"href":"https:\/\/www.shahhospital.co.in\/index.php\/wp-json\/wp\/v2\/pages\/724\/revisions"}],"predecessor-version":[{"id":1153,"href":"https:\/\/www.shahhospital.co.in\/index.php\/wp-json\/wp\/v2\/pages\/724\/revisions\/1153"}],"wp:featuredmedia":[{"embeddable":true,"href":"https:\/\/www.shahhospital.co.in\/index.php\/wp-json\/wp\/v2\/media\/711"}],"wp:attachment":[{"href":"https:\/\/www.shahhospital.co.in\/index.php\/wp-json\/wp\/v2\/media?parent=724"}],"curies":[{"name":"wp","href":"https:\/\/api.w.org\/{rel}","templated":true}]}}