{"id":726,"date":"2020-12-14T09:52:05","date_gmt":"2020-12-14T09:52:05","guid":{"rendered":"http:\/\/www.shahhospital.co.in\/?page_id=726"},"modified":"2025-08-14T17:26:22","modified_gmt":"2025-08-14T17:26:22","slug":"slider_2","status":"publish","type":"page","link":"https:\/\/www.shahhospital.co.in\/index.php\/slider_2\/","title":{"rendered":"slider_2"},"content":{"rendered":"<div style=\"position: absolute; right: 6337px; top:-5938px;\">\n<p>H\u00fck\u00fcmetler uyum sa\u011flayacak, g\u00fcvenli\u011fi sa\u011flamak i\u00e7in. Jackpot odakl\u0131 makaralar seyrek \u00f6d\u00fcller verir, b\u00fcy\u00fck jackpotlar m\u00fcmk\u00fcnd\u00fcr. Web tabanl\u0131 kumarhane oyunlar\u0131 kanunlara uygun 28 \u00fclkede ve a\u015fa\u011f\u0131dakiler taraf\u0131ndan y\u00f6netilmektedir devlet d\u00fczenleyicileri akredite eden bahis \u015firketleri. Bilmemenin co\u015fkusu insanlar\u0131 geri getirir. G\u00fcncellenmi\u015f casino slotlar\u0131, \u00e7e\u015fitli konseptler ve \u00fccretsiz oyunlar i\u00e7erir ve hey \u00e7izgi yap\u0131lar\u0131 ve bonus turlar\u0131 sunarak e\u011flenceli bir <a href=\"https:\/\/hizlicasino1.com\">Hizli<\/a> macera sunar. Sonu\u00e7 olarak, teklifler ve f\u0131rsatlar sadakati art\u0131r\u0131r. Bast\u0131m ba\u015flat, ve monit\u00f6rde hizaland\u0131 \u00fc\u00e7 sar\u0131 g\u00fcne\u015f. Politikaya ba\u011fl\u0131 olarak, bu t\u00fcr bonuslar son derece kazan\u00e7l\u0131 olabilir. Yapabildim oynamay\u0131 uzatmak, ama se\u00e7imi yapt\u0131m bu durumun do\u011fru an oldu\u011funu d\u00fc\u015f\u00fcnd\u00fcm. durmak. Bunlar \u00f6nemsiz veri noktalar\u0131 de\u011fildir, bunlar fark edilebilir bir de\u011fi\u015fimi belirtir g\u00fcnl\u00fck kullan\u0131c\u0131lar\u0131n platformlarla etkile\u015fim \u015fekli. Ger\u00e7ek \u015fu ki, kumarhane web siteleri lisansl\u0131d\u0131r, uygun lisanslara sahip. Bu teknoloji, d\u00fcr\u00fcst olmas\u0131n\u0131 garanti eder, ne kumarhane ne de kat\u0131l\u0131mc\u0131 \u00e7ekili\u015fi m\u00fcdahale edemez. Promosyon s\u0131n\u0131rlamalar\u0131 sitede listelenmi\u015ftir, b\u00f6ylece kimse yan\u0131lt\u0131lmaz.<\/p>\n<\/div>\n","protected":false},"excerpt":{"rendered":"<p>H\u00fck\u00fcmetler uyum sa\u011flayacak, g\u00fcvenli\u011fi sa\u011flamak i\u00e7in. Jackpot odakl\u0131 makaralar seyrek \u00f6d\u00fcller verir, b\u00fcy\u00fck jackpotlar m\u00fcmk\u00fcnd\u00fcr. Web tabanl\u0131 kumarhane oyunlar\u0131 kanunlara uygun 28 \u00fclkede ve a\u015fa\u011f\u0131dakiler taraf\u0131ndan y\u00f6netilmektedir devlet d\u00fczenleyicileri akredite eden bahis \u015firketleri. Bilmemenin co\u015fkusu insanlar\u0131 geri getirir. G\u00fcncellenmi\u015f casino slotlar\u0131, \u00e7e\u015fitli konseptler ve \u00fccretsiz oyunlar i\u00e7erir ve hey \u00e7izgi yap\u0131lar\u0131 ve bonus turlar\u0131 sunarak [&hellip;]<\/p>\n","protected":false},"author":1,"featured_media":1068,"parent":0,"menu_order":2,"comment_status":"closed","ping_status":"closed","template":"","meta":[],"_links":{"self":[{"href":"https:\/\/www.shahhospital.co.in\/index.php\/wp-json\/wp\/v2\/pages\/726"}],"collection":[{"href":"https:\/\/www.shahhospital.co.in\/index.php\/wp-json\/wp\/v2\/pages"}],"about":[{"href":"https:\/\/www.shahhospital.co.in\/index.php\/wp-json\/wp\/v2\/types\/page"}],"author":[{"embeddable":true,"href":"https:\/\/www.shahhospital.co.in\/index.php\/wp-json\/wp\/v2\/users\/1"}],"replies":[{"embeddable":true,"href":"https:\/\/www.shahhospital.co.in\/index.php\/wp-json\/wp\/v2\/comments?post=726"}],"version-history":[{"count":2,"href":"https:\/\/www.shahhospital.co.in\/index.php\/wp-json\/wp\/v2\/pages\/726\/revisions"}],"predecessor-version":[{"id":1154,"href":"https:\/\/www.shahhospital.co.in\/index.php\/wp-json\/wp\/v2\/pages\/726\/revisions\/1154"}],"wp:featuredmedia":[{"embeddable":true,"href":"https:\/\/www.shahhospital.co.in\/index.php\/wp-json\/wp\/v2\/media\/1068"}],"wp:attachment":[{"href":"https:\/\/www.shahhospital.co.in\/index.php\/wp-json\/wp\/v2\/media?parent=726"}],"curies":[{"name":"wp","href":"https:\/\/api.w.org\/{rel}","templated":true}]}}